{"id":87,"date":"2023-05-17T03:22:46","date_gmt":"2023-05-17T03:22:46","guid":{"rendered":"https:\/\/sensopia.com.co\/?page_id=87"},"modified":"2024-01-10T20:52:46","modified_gmt":"2024-01-10T20:52:46","slug":"paramo-ar","status":"publish","type":"page","link":"https:\/\/sensopia.com.co\/index.php\/paramo-ar\/","title":{"rendered":"P\u00e1ramo AR+"},"content":{"rendered":"<div class=\"wp-block-columns is-layout-flex wp-container-core-columns-is-layout-2 wp-block-columns-is-layout-flex\"><div class=\"wp-block-column is-layout-flow wp-block-column-is-layout-flow\" style=\"flex-basis:25%\"><figure class=\"wp-block-image size-full\"><img loading=\"lazy\" decoding=\"async\" width=\"408\" height=\"419\" src=\"https:\/\/sensopia.com.co\/wp-content\/uploads\/2023\/07\/Recurso-23.png\" alt=\"\" class=\"wp-image-349\" srcset=\"https:\/\/sensopia.com.co\/wp-content\/uploads\/2023\/07\/Recurso-23.png 408w, https:\/\/sensopia.com.co\/wp-content\/uploads\/2023\/07\/Recurso-23-292x300.png 292w\" sizes=\"auto, (max-width: 408px) 100vw, 408px\" \/><\/figure><\/div>\n\n<div class=\"wp-block-column is-layout-flow wp-block-column-is-layout-flow\" style=\"flex-basis:66.66%\"><figure class=\"wp-block-image size-large\"><img loading=\"lazy\" decoding=\"async\" width=\"1024\" height=\"512\" src=\"http:\/\/sensopia.com.co\/wp-content\/uploads\/2023\/05\/Paramo-AR-1024x512.jpg\" alt=\"\" class=\"wp-image-89\" srcset=\"https:\/\/sensopia.com.co\/wp-content\/uploads\/2023\/05\/Paramo-AR-1024x512.jpg 1024w, https:\/\/sensopia.com.co\/wp-content\/uploads\/2023\/05\/Paramo-AR-300x150.jpg 300w, https:\/\/sensopia.com.co\/wp-content\/uploads\/2023\/05\/Paramo-AR-768x384.jpg 768w, https:\/\/sensopia.com.co\/wp-content\/uploads\/2023\/05\/Paramo-AR-600x300.jpg 600w, https:\/\/sensopia.com.co\/wp-content\/uploads\/2023\/05\/Paramo-AR.jpg 1354w\" sizes=\"auto, (max-width: 1024px) 100vw, 1024px\" \/><\/figure>\n\n<h3 class=\"wp-block-heading\">APLICACI\u00d3N DE REALIDAD AUMENTADA PARA CONECTARNOS CON LA NATURALEZA<\/h3>\n\n<p>Aumenta tu realidad usando la c\u00e1mara de tu dispositivo m\u00f3vil y explora las formas y sonidos del p\u00e1ramo. Viaja, por un instante, al ecosistema de alta monta\u00f1a que alberga especies \u00fanicas como aves, insectos, flores, \u00e1rboles y frailejones.<\/p>\n\n<p>En un contexto pospandemia, nos preguntamos por aquellas cosas que realmente nos vinculan con el otro y con el mundo. En este sentido, acercarse al ecosistema p\u00e1ramo por medio de la tecnolog\u00eda, es una forma de reconectar con la naturaleza.<\/p>\n\n<figure class=\"wp-block-embed alignwide is-type-video is-provider-youtube wp-block-embed-youtube wp-embed-aspect-16-9 wp-has-aspect-ratio\"><div class=\"wp-block-embed__wrapper\">\n<iframe loading=\"lazy\" title=\"P\u00e1ramo AR - Aplicaci\u00f3n de Realidad Aumentada\" width=\"500\" height=\"281\" src=\"https:\/\/www.youtube.com\/embed\/-WA_qJYzvOw?feature=oembed\" frameborder=\"0\" allow=\"accelerometer; autoplay; clipboard-write; encrypted-media; gyroscope; picture-in-picture; web-share\" referrerpolicy=\"strict-origin-when-cross-origin\" allowfullscreen><\/iframe>\n<\/div><\/figure>\n\n<p>En P\u00e1ramo AR, las formas, figuras y sonidos del p\u00e1ramo Santa In\u00e9s (ubicado en el norte de Antioquia, Colombia), componen una escultura digital viva que nos seduce en la distancia para crear nuevos v\u00ednculos de conservaci\u00f3n con el entorno paramuno y los seres que lo habitan.<\/p>\n\n<p>Este es un proyecto ganador de la Convocatoria el Poder de Estar Unidos del Instituto de Cultura y Patrimonio de Antioquia 2020 y Fortalecimiento a Emprendimientos Culturales del Ministerio de Cultura 2022.<\/p>\n\n<h2 class=\"wp-block-heading alignwide has-text-align-center wp-embed-aspect-16-9 wp-has-aspect-ratio\">Explora el ecosistema p\u00e1ramo y aumenta tu realidad<\/h2>\n\n\r\n        <div class=\"modelViewerBlock\" data-attributes='{&quot;align&quot;:&quot;end&quot;,&quot;uniqueId&quot;:&quot;model38&quot;,&quot;currentViewer&quot;:&quot;modelViewer&quot;,&quot;multiple&quot;:false,&quot;model&quot;:{&quot;modelUrl&quot;:&quot;http:\\\/\\\/sensopia.com.co\\\/wp-content\\\/uploads\\\/2023\\\/05\\\/Frailejon3DStatic2.glb&quot;,&quot;poster&quot;:&quot;&quot;},&quot;O3DVSettings&quot;:{&quot;isFullscreen&quot;:true,&quot;isPagination&quot;:false,&quot;isNavigation&quot;:true,&quot;camera&quot;:null,&quot;mouseControl&quot;:true},&quot;models&quot;:[],&quot;lazyLoad&quot;:false,&quot;loading&quot;:&quot;auto&quot;,&quot;autoplay&quot;:false,&quot;shadow&quot;:true,&quot;autoRotate&quot;:true,&quot;zoom&quot;:true,&quot;isPagination&quot;:false,&quot;isNavigation&quot;:true,&quot;preload&quot;:&quot;auto&quot;,&quot;rotationPerSecond&quot;:&quot;30&quot;,&quot;mouseControl&quot;:true,&quot;fullscreen&quot;:true,&quot;variant&quot;:false,&quot;loadingPercentage&quot;:false,&quot;progressBar&quot;:true,&quot;rotate&quot;:false,&quot;rotateAlongX&quot;:&quot;0&quot;,&quot;rotateAlongY&quot;:&quot;75&quot;,&quot;exposure&quot;:1,&quot;styles&quot;:{&quot;width&quot;:&quot;100%&quot;,&quot;height&quot;:&quot;480px&quot;,&quot;bgColor&quot;:&quot;transparent&quot;,&quot;progressBarColor&quot;:&quot;&quot;},&quot;stylesheet&quot;:null,&quot;additional&quot;:{&quot;ID&quot;:&quot;&quot;,&quot;Class&quot;:&quot;&quot;,&quot;CSS&quot;:&quot;&quot;},&quot;animation&quot;:false,&quot;woo&quot;:false,&quot;selectedAnimation&quot;:&quot;&quot;}'><\/div>\r\n\r\n        \n\n<div class=\"wp-block-buttons alignwide wp-embed-aspect-16-9 wp-has-aspect-ratio is-content-justification-center is-layout-flex wp-container-core-buttons-is-layout-1 wp-block-buttons-is-layout-flex\"><div class=\"wp-block-button is-style-fill\"><a class=\"wp-block-button__link has-zeever-button-border-background-color has-background wp-element-button\" href=\"https:\/\/play.google.com\/store\/apps\/details?id=com.io.diegoperezo.ParamoAR\" target=\"_blank\" rel=\"noreferrer noopener\"><strong>Descargar P\u00e1ramo AR<\/strong><\/a><\/div><\/div>\n\n<div class=\"wp-block-group alignwide wp-embed-aspect-16-9 wp-has-aspect-ratio is-layout-constrained wp-block-group-is-layout-constrained\"><hr class=\"wp-block-separator has-alpha-channel-opacity\"\/><\/div>\n\n<div class=\"wp-block-cover alignwide wp-embed-aspect-16-9 wp-has-aspect-ratio\"><span aria-hidden=\"true\" class=\"wp-block-cover__background has-zeever-third-background-color has-background-dim-100 has-background-dim\"><\/span><img decoding=\"async\" class=\"wp-block-cover__image-background\" alt=\"\" src=\"https:\/\/www.youtube.com\/watch?v=zMLlC6Dd-GA&amp;feature=youtu.be\" data-object-fit=\"cover\"\/><div class=\"wp-block-cover__inner-container is-layout-flow wp-block-cover-is-layout-flow\"><h1 class=\"wp-block-heading alignwide has-text-align-center\" id=\"we-re-a-studio-in-berlin-with-an-international-practice-in-architecture-urban-planning-and-interior-design-we-believe-in-sharing-knowledge-and-promoting-dialogue-to-increase-the-creative-potential-of-collaboration\" style=\"font-size:48px;line-height:1.1\">Sobre la experiencia<\/h1>\n\n<p><\/p>\n\n<div class=\"wp-block-group is-layout-constrained wp-block-group-is-layout-constrained\"><div class=\"wp-block-columns is-layout-flex wp-container-core-columns-is-layout-1 wp-block-columns-is-layout-flex\"><div class=\"wp-block-column is-layout-flow wp-block-column-is-layout-flow\"><figure class=\"wp-block-image\"><img decoding=\"async\" src=\"https:\/\/paramoar.files.wordpress.com\/2020\/11\/1.ar_.png?w=500\" alt=\"\" class=\"wp-image-75\"\/><\/figure>\n\n<p class=\"has-text-align-center\">Explora una escultura digital del p\u00e1ramo en donde est\u00e9s con Realidad Aumentada.<\/p><\/div>\n\n<div class=\"wp-block-column is-layout-flow wp-block-column-is-layout-flow\"><figure class=\"wp-block-image\"><img decoding=\"async\" src=\"https:\/\/paramoar.files.wordpress.com\/2020\/11\/sonido.png?w=500\" alt=\"\" class=\"wp-image-77\"\/><\/figure>\n\n<p class=\"has-text-align-center\">Descubre los paisajes sonoros del p\u00e1ramo, el r\u00edo, el bosque y las aves de la regi\u00f3n.<\/p><\/div>\n\n<div class=\"wp-block-column is-layout-flow wp-block-column-is-layout-flow\"><figure class=\"wp-block-image\"><img decoding=\"async\" src=\"https:\/\/paramoar.files.wordpress.com\/2020\/11\/360.png?w=500\" alt=\"\" class=\"wp-image-76\"\/><\/figure>\n\n<p class=\"has-text-align-center\">Visualiza las im\u00e1genes que componen el p\u00e1ramo Santa In\u00e9s de Belmira en 360\u00b0.<\/p><\/div><\/div><\/div><\/div><\/div>\n\n<p class=\"has-text-align-wide wp-embed-aspect-16-9 wp-has-aspect-ratio\"><\/p>\n\n<p class=\"has-text-align-wide wp-embed-aspect-16-9 wp-has-aspect-ratio\"><\/p>\n\n<h2 class=\"wp-block-heading alignwide wp-embed-aspect-16-9 wp-has-aspect-ratio\">Ver el lanzamiento de P\u00e1ramo AR<\/h2>\n\n<figure class=\"wp-block-embed alignwide is-type-video is-provider-youtube wp-block-embed-youtube wp-embed-aspect-16-9 wp-has-aspect-ratio\"><div class=\"wp-block-embed__wrapper\">\n<iframe loading=\"lazy\" title=\"En busca de la magia del p\u00e1ramo. Lanzamiento de P\u00e1ramo AR app | Parque Explora\" width=\"500\" height=\"281\" src=\"https:\/\/www.youtube.com\/embed\/zMLlC6Dd-GA?feature=oembed\" frameborder=\"0\" allow=\"accelerometer; autoplay; clipboard-write; encrypted-media; gyroscope; picture-in-picture; web-share\" referrerpolicy=\"strict-origin-when-cross-origin\" allowfullscreen><\/iframe>\n<\/div><\/figure><\/div>\n\n<div class=\"wp-block-column is-layout-flow wp-block-column-is-layout-flow\" style=\"flex-basis:25%\"><\/div><\/div>","protected":false},"excerpt":{"rendered":"<p>APLICACI\u00d3N DE REALIDAD AUMENTADA PARA CONECTARNOS CON LA NATURALEZA Aumenta tu realidad usando la c\u00e1mara de tu dispositivo m\u00f3vil y explora las formas y sonidos del p\u00e1ramo. Viaja, por un instante, al ecosistema de alta monta\u00f1a que alberga especies \u00fanicas como aves, insectos, flores, \u00e1rboles y frailejones. En un contexto pospandemia, nos preguntamos por aquellas cosas que realmente nos vinculan con el otro y con el mundo. En este sentido, acercarse al ecosistema p\u00e1ramo por medio de la tecnolog\u00eda, es una forma de reconectar con la naturaleza. En P\u00e1ramo AR, las formas, figuras y sonidos del p\u00e1ramo Santa In\u00e9s (ubicado<\/p>\n","protected":false},"author":1,"featured_media":89,"parent":0,"menu_order":0,"comment_status":"closed","ping_status":"closed","template":"","meta":{"om_disable_all_campaigns":false,"_monsterinsights_skip_tracking":false,"_monsterinsights_sitenote_active":false,"_monsterinsights_sitenote_note":"","_monsterinsights_sitenote_category":0,"footnotes":""},"class_list":["post-87","page","type-page","status-publish","has-post-thumbnail","hentry"],"aioseo_notices":[],"_links":{"self":[{"href":"https:\/\/sensopia.com.co\/index.php\/wp-json\/wp\/v2\/pages\/87","targetHints":{"allow":["GET"]}}],"collection":[{"href":"https:\/\/sensopia.com.co\/index.php\/wp-json\/wp\/v2\/pages"}],"about":[{"href":"https:\/\/sensopia.com.co\/index.php\/wp-json\/wp\/v2\/types\/page"}],"author":[{"embeddable":true,"href":"https:\/\/sensopia.com.co\/index.php\/wp-json\/wp\/v2\/users\/1"}],"replies":[{"embeddable":true,"href":"https:\/\/sensopia.com.co\/index.php\/wp-json\/wp\/v2\/comments?post=87"}],"version-history":[{"count":12,"href":"https:\/\/sensopia.com.co\/index.php\/wp-json\/wp\/v2\/pages\/87\/revisions"}],"predecessor-version":[{"id":356,"href":"https:\/\/sensopia.com.co\/index.php\/wp-json\/wp\/v2\/pages\/87\/revisions\/356"}],"wp:featuredmedia":[{"embeddable":true,"href":"https:\/\/sensopia.com.co\/index.php\/wp-json\/wp\/v2\/media\/89"}],"wp:attachment":[{"href":"https:\/\/sensopia.com.co\/index.php\/wp-json\/wp\/v2\/media?parent=87"}],"curies":[{"name":"wp","href":"https:\/\/api.w.org\/{rel}","templated":true}]}}