{"id":394,"date":"2024-01-10T20:54:14","date_gmt":"2024-01-10T20:54:14","guid":{"rendered":"https:\/\/sensopia.com.co\/?page_id=394"},"modified":"2026-03-19T00:45:20","modified_gmt":"2026-03-19T00:45:20","slug":"paramoverso","status":"publish","type":"page","link":"https:\/\/sensopia.com.co\/index.php\/paramoverso\/","title":{"rendered":"PARAMOVERSO"},"content":{"rendered":"<h2 class=\"wp-block-heading has-text-align-center\">Una expedici\u00f3n virtual a los p\u00e1ramos colombianos<\/h2><figure class=\"wp-block-image aligncenter size-large is-resized has-custom-border is-style-default wp-duotone-unset-1\"><img loading=\"lazy\" decoding=\"async\" width=\"1024\" height=\"576\" src=\"https:\/\/sensopia.com.co\/wp-content\/uploads\/2024\/01\/Thumbnail-1024x576.jpeg\" alt=\"\" class=\"wp-image-395\" style=\"border-style:none;border-width:0px;border-radius:3px;width:558px;height:auto\" srcset=\"https:\/\/sensopia.com.co\/wp-content\/uploads\/2024\/01\/Thumbnail-1024x576.jpeg 1024w, https:\/\/sensopia.com.co\/wp-content\/uploads\/2024\/01\/Thumbnail-300x169.jpeg 300w, https:\/\/sensopia.com.co\/wp-content\/uploads\/2024\/01\/Thumbnail-768x432.jpeg 768w, https:\/\/sensopia.com.co\/wp-content\/uploads\/2024\/01\/Thumbnail-600x338.jpeg 600w, https:\/\/sensopia.com.co\/wp-content\/uploads\/2024\/01\/Thumbnail.jpeg 1280w\" sizes=\"auto, (max-width: 1024px) 100vw, 1024px\" \/><\/figure><div class=\"wp-block-columns is-layout-flex wp-container-core-columns-is-layout-1 wp-block-columns-is-layout-flex\"><div class=\"wp-block-column is-layout-flow wp-block-column-is-layout-flow\" style=\"flex-basis:25%\"><\/div>\n\n<div class=\"wp-block-column is-layout-flow wp-block-column-is-layout-flow\" style=\"flex-basis:50%\"><div class=\"wp-block-buttons is-content-justification-center is-layout-flex wp-container-core-buttons-is-layout-1 wp-block-buttons-is-layout-flex\"><div class=\"wp-block-button\"><a class=\"wp-block-button__link has-vivid-red-background-color has-background wp-element-button\" href=\"https:\/\/www.spatial.io\/s\/Paramoverso-68cc361fb79ba57c1bce7bb2?share=3650901587552346452\">Explorar Paramoverso en Spatial<\/a><\/div><\/div>\n\n<p>Los p\u00e1ramos son lugares que guardan una gran biodiversidad en fauna y flora que no solo es responsable por captar di\u00f3xido de carbono del planeta, sino tambi\u00e9n filtrar el agua que suple innumerables ecosistemas a trav\u00e9s de r\u00edos y lagunas que se distribuyen por todo Colombia. A pesar de su belleza y riqueza natural, existen muchos factores de riesgo como los incendios, la tala de \u00e1rboles, la miner\u00eda y el cambio clim\u00e1tico, que nos invitan a volcar la mirada en la conservaci\u00f3n de los p\u00e1ramos y en el aprovechamiento del agua. Por esta raz\u00f3n, queremos aportar una experiencia audiovisual inmersiva accesible, que permita movilizar a m\u00e1s personas a emprender acciones para el cuidado de los p\u00e1ramos colombianos.<\/p>\n\n<figure class=\"wp-block-image size-large\"><img loading=\"lazy\" decoding=\"async\" width=\"1024\" height=\"498\" src=\"https:\/\/sensopia.com.co\/wp-content\/uploads\/2024\/01\/Captura-de-pantalla-2023-11-21-200653-1024x498.png\" alt=\"\" class=\"wp-image-404\" srcset=\"https:\/\/sensopia.com.co\/wp-content\/uploads\/2024\/01\/Captura-de-pantalla-2023-11-21-200653-1024x498.png 1024w, https:\/\/sensopia.com.co\/wp-content\/uploads\/2024\/01\/Captura-de-pantalla-2023-11-21-200653-300x146.png 300w, https:\/\/sensopia.com.co\/wp-content\/uploads\/2024\/01\/Captura-de-pantalla-2023-11-21-200653-768x374.png 768w, https:\/\/sensopia.com.co\/wp-content\/uploads\/2024\/01\/Captura-de-pantalla-2023-11-21-200653-1536x747.png 1536w, https:\/\/sensopia.com.co\/wp-content\/uploads\/2024\/01\/Captura-de-pantalla-2023-11-21-200653-2048x996.png 2048w, https:\/\/sensopia.com.co\/wp-content\/uploads\/2024\/01\/Captura-de-pantalla-2023-11-21-200653-600x292.png 600w\" sizes=\"auto, (max-width: 1024px) 100vw, 1024px\" \/><\/figure>\n\n<p><\/p>\n\n<p>Paramoverso es una experiencia multiplataforma alojada en Spatial con misiones interactivas que invitan al usuario a recorrer las estepas llenas de frailejones, pastos y musgos, as\u00ed como osos, tigrillos, p\u00e1jaros e insectos. Viaja a las monta\u00f1as colombianas para descubrir la biodiversidad que habita en los p\u00e1ramos de cada una de sus cordilleras y comprender las amenazas que ponen en peligro estos ecosistemas.<\/p>\n\n<p>La historia de Paramoverso se desarrolla en un mundo inspirado en los p\u00e1ramos de la regi\u00f3n ecuatorial, especialmente los p\u00e1ramos de las tres cordilleras colombianas. Aqu\u00ed, los antiguos secretos de la naturaleza se entrelazan, creando un paisaje v\u00edvido que reivindica la funci\u00f3n de especies tipo sombrilla como el frailej\u00f3n, en una aventura de observaci\u00f3n bot\u00e1nica con tintes cient\u00edficos, hist\u00f3ricos, culturales y educativos.<\/p>\n\n<figure class=\"wp-block-image aligncenter size-medium is-resized\"><img loading=\"lazy\" decoding=\"async\" width=\"300\" height=\"300\" src=\"https:\/\/sensopia.com.co\/wp-content\/uploads\/2024\/01\/1700159271-300x300.png\" alt=\"\" class=\"wp-image-405\" style=\"width:150px;height:150px\" srcset=\"https:\/\/sensopia.com.co\/wp-content\/uploads\/2024\/01\/1700159271-300x300.png 300w, https:\/\/sensopia.com.co\/wp-content\/uploads\/2024\/01\/1700159271-150x150.png 150w, https:\/\/sensopia.com.co\/wp-content\/uploads\/2024\/01\/1700159271-768x768.png 768w, https:\/\/sensopia.com.co\/wp-content\/uploads\/2024\/01\/1700159271-600x600.png 600w, https:\/\/sensopia.com.co\/wp-content\/uploads\/2024\/01\/1700159271-100x100.png 100w, https:\/\/sensopia.com.co\/wp-content\/uploads\/2024\/01\/1700159271.png 1024w\" sizes=\"auto, (max-width: 300px) 100vw, 300px\" \/><\/figure>\n\n<p>El p\u00e1ramo se convierte en el lienzo en el que se invita al usuario a adentrarse en una aventura para descubrir los seres singulares que habitan este universo. Entrar en Paramoverso es como convertirse en un explorador cient\u00edfico que descubre un lugar por primera vez, en este caso, de manera virtual y sin generar efectos negativos en el ecosistema.<\/p>\n\n<figure class=\"wp-block-embed is-type-video is-provider-youtube wp-block-embed-youtube wp-embed-aspect-16-9 wp-has-aspect-ratio\"><div class=\"wp-block-embed__wrapper\">\n<iframe loading=\"lazy\" title=\"Especiales Enlace Trece - Paramoverso\" width=\"500\" height=\"281\" src=\"https:\/\/www.youtube.com\/embed\/TGuqil9LZxs?feature=oembed\" frameborder=\"0\" allow=\"accelerometer; autoplay; clipboard-write; encrypted-media; gyroscope; picture-in-picture; web-share\" referrerpolicy=\"strict-origin-when-cross-origin\" allowfullscreen><\/iframe>\n<\/div><\/figure>\n\n<p>A medida que el usuario avanza en la historia, se enfrentar\u00e1 a desaf\u00edos que requerir\u00e1n empat\u00eda con la naturaleza y conocimientos sobre la monta\u00f1a para superarlos y restaurar el equilibrio del p\u00e1ramo. De esta forma, el usuario accede a una experiencia educativa sobre el cuidado del medio ambiente con funcionalidades de gamificaci\u00f3n que lo incentivan a recorrer el escenario y recolectar todas las piezas que dan cuenta de caracter\u00edsticas y curiosidades de la naturaleza, as\u00ed, puede aprender y deleitarse en la magia del p\u00e1ramo a trav\u00e9s de una experiencia inmersiva multiplataforma.<\/p>\n\n<p>Este proyecto ha sido desarrollado en alianza entre Sensop\u00eda, Canvar y Cetreal, adem\u00e1s cont\u00f3 con apoyo de Crea Digital del MinTIC. <\/p>\n\n<h2 class=\"wp-block-heading\">Eventos y exhibiciones de Paramoverso<\/h2>\n\n<p><\/p>\n\n<ul class=\"wp-block-list\"><li><strong>Especiales Canal Trece con Alejandro Linares (Diciembre 2025):<\/strong> En este nuevo episodio de Especiales Alejandro Linares, conversamos con Diego P\u00e9rez, CEO de Sensop\u00eda, sobre c\u00f3mo la tecnolog\u00eda puede convertirse en una aliada clave para la protecci\u00f3n del medio ambiente. <a href=\"https:\/\/www.youtube.com\/watch?v=iidaiCVfu4I\" title=\"\">Ver entrevista completa<\/a>.<\/li>\n\n<li><strong>Pabell\u00f3n Colombia COP30 \u2013 Minambiente (Bel\u00e9m do Par\u00e1, Brasil, 2025):<\/strong> Paramoverso fue presentado por el Ministerio de Ambiente y Desarrollo Sostenible de Colombia en el Pabell\u00f3n Colombia durante la COP30. En este espacio, dedicado a visibilizar iniciativas que articulan biodiversidad, tecnolog\u00eda y justicia clim\u00e1tica. <\/li>\n\n<li><strong>Festival Fotos\u00edntesis \u2013 Arte, Ciencia y Tecnolog\u00eda (Medell\u00edn, Colombia, 2025):<\/strong> En este festival organizado por Parque Explora en Medell\u00edn, Paramoverso fue presentado junto con otros proyectos de talla nacional e internacional.<\/li>\n\n<li><strong>Festival Villa del Cine \u201cVisible Invisible\u201d (Villa de Leyva, Boyac\u00e1, Colombia, 2025):<\/strong> En el 11\u00b0 Festival Villa del Cine, Paramoverso fue seleccionado para la competencia en la categor\u00eda <em>Mejor Proyecto de Realidad Virtual<\/em>. <\/li>\n\n<li><strong>Festival Actuar por lo Vivo (Medell\u00edn, Colombia, 2025):<\/strong> Durante la edici\u00f3n 2025 del festival \u2014realizado del 3 al 10 de mayo en Medell\u00edn\u2014, Paramoverso se exhibi\u00f3 como experiencia inmersiva de realidad virtual en el Hall del Teatro Comfama (9 de mayo). <\/li>\n\n<li><strong>Bienal Internacional de La Habana (15\u00aa Bienal, La Habana, Cuba, 2025):<\/strong> Paramoverso fue presentado en la XV Bienal de La Habana (enero de 2025), destac\u00e1ndose como una propuesta colombiana de realidad virtual dedicada a la conservaci\u00f3n de los p\u00e1ramos.<\/li>\n\n<li><strong>Narrar el Futuro \u2013 Cinemateca de Bogot\u00e1 (Bogot\u00e1, Colombia) 2024:<\/strong> Paramoverso particip\u00f3 en el NewMediaLab del el evento <em>Narrar el Futuro<\/em> y recibi\u00f3 una menci\u00f3n de apoyo por parte de \u00c1tico.<\/li>\n\n<li><strong>Festival Internacional de la Imagen (Manizales, Colombia, 2024):<\/strong> Paramoverso form\u00f3 parte de la secci\u00f3n <em>Media Art<\/em> del Festival Internacional de la Imagen 2024, celebrado en Manizales.<\/li>\n\n<li><strong>Exposici\u00f3n \u201cFUBA y PARAMOVERSO\u201d \u2013 Universidad de Antioquia (Medell\u00edn, Colombia, 2024):<\/strong> En noviembre de 2024, Paramoverso fue parte de una muestra de realidad aumentada y virtual organizada por el CreaLab de la Universidad de Antioquia. La exposici\u00f3n se mantuvo abierta del 13 al 23 de noviembre, con una activaci\u00f3n de realidad virtual el 23 de noviembre en el Centro Cultural de la Facultad de Artes.<\/li><\/ul>\n\n<figure class=\"wp-block-embed is-type-video is-provider-youtube wp-block-embed-youtube wp-embed-aspect-16-9 wp-has-aspect-ratio\"><div class=\"wp-block-embed__wrapper\">\n<iframe loading=\"lazy\" title=\"Especiales Alejandro Linares | Tecnolog\u00eda y medio ambiente: Paramos y la protecci\u00f3n de los p\u00e1ramos\" width=\"500\" height=\"281\" src=\"https:\/\/www.youtube.com\/embed\/iidaiCVfu4I?feature=oembed\" frameborder=\"0\" allow=\"accelerometer; autoplay; clipboard-write; encrypted-media; gyroscope; picture-in-picture; web-share\" referrerpolicy=\"strict-origin-when-cross-origin\" allowfullscreen><\/iframe>\n<\/div><\/figure>\n\n<hr class=\"wp-block-separator has-alpha-channel-opacity\"\/>\n\n<h2 class=\"wp-block-heading\">\u00bfTe gustar\u00eda apoyarnos y promover el cuidado de los p\u00e1ramos?<\/h2>\n\n<p>Visita Artizen y haz una donaci\u00f3n para adoptar un frailej\u00f3n virtual y sembrar a la vez un frailej\u00f3n real en los p\u00e1ramos colombianos.<\/p>\n\n<div class=\"wp-block-buttons is-content-justification-center is-layout-flex wp-container-core-buttons-is-layout-2 wp-block-buttons-is-layout-flex\"><div class=\"wp-block-button\"><a class=\"wp-block-button__link has-vivid-red-background-color has-background wp-element-button\" href=\"https:\/\/artizen.fund\/index\/p\/paramoverso?season=5\" rel=\"https:\/\/sensopia.com.co\/index.php\/paramoverso\/\">Donar en Artizen<\/a><\/div><\/div>\n\n<div style=\"height:100px\" aria-hidden=\"true\" class=\"wp-block-spacer\"><\/div>\n\n<figure class=\"wp-block-image aligncenter size-large is-resized\"><img loading=\"lazy\" decoding=\"async\" width=\"1024\" height=\"485\" src=\"https:\/\/sensopia.com.co\/wp-content\/uploads\/2024\/08\/Artizen_Laurel_RGB_White-1024x485.png\" alt=\"\" class=\"wp-image-423\" style=\"width:217px;height:auto\" srcset=\"https:\/\/sensopia.com.co\/wp-content\/uploads\/2024\/08\/Artizen_Laurel_RGB_White-1024x485.png 1024w, https:\/\/sensopia.com.co\/wp-content\/uploads\/2024\/08\/Artizen_Laurel_RGB_White-300x142.png 300w, https:\/\/sensopia.com.co\/wp-content\/uploads\/2024\/08\/Artizen_Laurel_RGB_White-768x364.png 768w, https:\/\/sensopia.com.co\/wp-content\/uploads\/2024\/08\/Artizen_Laurel_RGB_White-1536x728.png 1536w, https:\/\/sensopia.com.co\/wp-content\/uploads\/2024\/08\/Artizen_Laurel_RGB_White-2048x971.png 2048w\" sizes=\"auto, (max-width: 1024px) 100vw, 1024px\" \/><\/figure>\n\n<p><\/p>\n\n<hr class=\"wp-block-separator has-alpha-channel-opacity\"\/>\n\n<p><\/p>\n\n<h2 class=\"wp-block-heading\"><strong>Equipo de desarrollo de Paramoverso<\/strong><\/h2>\n\n<p><\/p>\n\n<p><strong>Direcci\u00f3n y gui\u00f3n:<\/strong> Diego P\u00e9rez Osorno<\/p>\n\n<p><\/p>\n\n<p><strong>Producci\u00f3n general:<\/strong> Cetreal SAS &#8211; Sensop\u00eda &#8211; Canvar<\/p>\n\n<p><strong>Producci\u00f3n:<\/strong> Aura Forero &#8211; Andr\u00e9s Burbano<\/p>\n\n<p><\/p>\n\n<p><strong>Sonido directo:<\/strong> Diego P\u00e9rez Osorno, Juan Camilo Guzm\u00e1n, Andr\u00e9s S\u00e1nchez&nbsp;<\/p>\n\n<p><strong>Dise\u00f1o de sonido: <\/strong>Andr\u00e9s S\u00e1nchez, Juan Camilo Guzm\u00e1n<\/p>\n\n<p><strong>Mezcla de sonido y masterizaci\u00f3n:<\/strong> Juan Camilo Guzm\u00e1n, Andr\u00e9s S\u00e1nchez<\/p>\n\n<p><\/p>\n\n<p><strong>Fotograf\u00eda:<\/strong> Luisa Fernanda Santamar\u00eda E. Diego P\u00e9rez Osorno<\/p>\n\n<p><strong>Modelado y animaci\u00f3n 3D:<\/strong> Luisa Fernanda Santamar\u00eda E. Daniel Villa Rold\u00e1n<\/p>\n\n<p><strong>Programaci\u00f3n:<\/strong> Arbey Arag\u00f3n, Nelson Arias, Andr\u00e9s Burbano<\/p>\n\n<p><strong>Dise\u00f1o de Interacci\u00f3n:<\/strong> Arbey Arag\u00f3n&nbsp;<\/p>\n\n<p><\/p>\n\n<p><strong>Tutor:<\/strong> Andr\u00e9s Burbano<\/p>\n\n<p><strong>Investigaci\u00f3n cient\u00edfica:<\/strong> Esteban Dom\u00ednguez&nbsp;<\/p>\n\n<p><strong>Dise\u00f1o gr\u00e1fico y de marca:<\/strong> Eduardo Montoya<\/p>\n\n<p><\/p>\n\n<p><strong>Agradecimientos<\/strong><\/p>\n\n<p>Luisa Vargas &#8211; Fundaci\u00f3n Parque Jaime Duque<\/p>\n\n<p>Fundaci\u00f3n Parque Jaime Duque<\/p>\n\n<p>Juli\u00e1n Zapata Zea &#8211; Bi\u00f3logo e investigador &#8211; Asesor\u00eda de investigaci\u00f3n en campo.<\/p><\/div>\n\n<div class=\"wp-block-column is-layout-flow wp-block-column-is-layout-flow\" style=\"flex-basis:25%\"><\/div><\/div><p><\/p>","protected":false},"excerpt":{"rendered":"<p>Una expedici\u00f3n virtual a los p\u00e1ramos colombianos Los p\u00e1ramos son lugares que guardan una gran biodiversidad en fauna y flora que no solo es responsable por captar di\u00f3xido de carbono del planeta, sino tambi\u00e9n filtrar el agua que suple innumerables ecosistemas a trav\u00e9s de r\u00edos y lagunas que se distribuyen por todo Colombia. A pesar de su belleza y riqueza natural, existen muchos factores de riesgo como los incendios, la tala de \u00e1rboles, la miner\u00eda y el cambio clim\u00e1tico, que nos invitan a volcar la mirada en la conservaci\u00f3n de los p\u00e1ramos y en el aprovechamiento del agua. Por esta<\/p>\n","protected":false},"author":1,"featured_media":0,"parent":0,"menu_order":0,"comment_status":"closed","ping_status":"closed","template":"","meta":{"om_disable_all_campaigns":false,"_monsterinsights_skip_tracking":false,"_monsterinsights_sitenote_active":false,"_monsterinsights_sitenote_note":"","_monsterinsights_sitenote_category":0,"footnotes":""},"class_list":["post-394","page","type-page","status-publish","hentry"],"aioseo_notices":[],"_links":{"self":[{"href":"https:\/\/sensopia.com.co\/index.php\/wp-json\/wp\/v2\/pages\/394","targetHints":{"allow":["GET"]}}],"collection":[{"href":"https:\/\/sensopia.com.co\/index.php\/wp-json\/wp\/v2\/pages"}],"about":[{"href":"https:\/\/sensopia.com.co\/index.php\/wp-json\/wp\/v2\/types\/page"}],"author":[{"embeddable":true,"href":"https:\/\/sensopia.com.co\/index.php\/wp-json\/wp\/v2\/users\/1"}],"replies":[{"embeddable":true,"href":"https:\/\/sensopia.com.co\/index.php\/wp-json\/wp\/v2\/comments?post=394"}],"version-history":[{"count":24,"href":"https:\/\/sensopia.com.co\/index.php\/wp-json\/wp\/v2\/pages\/394\/revisions"}],"predecessor-version":[{"id":550,"href":"https:\/\/sensopia.com.co\/index.php\/wp-json\/wp\/v2\/pages\/394\/revisions\/550"}],"wp:attachment":[{"href":"https:\/\/sensopia.com.co\/index.php\/wp-json\/wp\/v2\/media?parent=394"}],"curies":[{"name":"wp","href":"https:\/\/api.w.org\/{rel}","templated":true}]}}