{"id":361,"date":"2023-07-19T20:55:05","date_gmt":"2023-07-19T20:55:05","guid":{"rendered":"https:\/\/sensopia.com.co\/?page_id=361"},"modified":"2023-07-19T21:03:11","modified_gmt":"2023-07-19T21:03:11","slug":"blog","status":"publish","type":"page","link":"https:\/\/sensopia.com.co\/index.php\/blog\/","title":{"rendered":"Blog"},"content":{"rendered":"<div\r\n\t\t\tclass='wp-block-ap-block-posts free  alignwide'\r\n\t\t\tid='apbAdvancedPosts-d0177200-0'\r\n\t\t\tdata-attributes='{&quot;cId&quot;:&quot;d0177200-0&quot;,&quot;layout&quot;:&quot;slider&quot;,&quot;subLayout&quot;:&quot;overlay-content-hover&quot;,&quot;columns&quot;:{&quot;desktop&quot;:2,&quot;tablet&quot;:1,&quot;mobile&quot;:1},&quot;columnGap&quot;:10,&quot;sliderHeight&quot;:&quot;400px&quot;,&quot;selectedCategories&quot;:[1],&quot;contentAlign&quot;:&quot;center&quot;,&quot;contentBG&quot;:{&quot;color&quot;:&quot;#000000b3&quot;,&quot;styles&quot;:&quot;background-color: #000000b3;&quot;},&quot;contentPadding&quot;:{&quot;vertical&quot;:&quot;20px&quot;,&quot;horizontal&quot;:&quot;20px&quot;},&quot;sliderAutoplayOptions&quot;:{&quot;delay&quot;:3.8},&quot;sliderSpeed&quot;:1.2,&quot;sliderPageColor&quot;:&quot;#FCFCFC&quot;,&quot;sliderPrevNextColor&quot;:&quot;#FCFCFC&quot;,&quot;fImgFitting&quot;:&quot;contain&quot;,&quot;titleTypo&quot;:{&quot;fontFamily&quot;:&quot;Rajdhani&quot;,&quot;fontSize&quot;:{&quot;desktop&quot;:40,&quot;tablet&quot;:22,&quot;mobile&quot;:20},&quot;googleFontLink&quot;:&quot;https:\\\/\\\/fonts.googleapis.com\\\/css2?family=Roboto&amp;display=swap&quot;,&quot;fontCategory&quot;:&quot;sans-serif&quot;,&quot;fontWeight&quot;:700,&quot;fontVariant&quot;:&quot;700&quot;,&quot;textTransform&quot;:&quot;uppercase&quot;},&quot;titleColor&quot;:&quot;#4ABDB4&quot;,&quot;isMeta&quot;:false,&quot;metaTextColor&quot;:&quot;#fff&quot;,&quot;metaLinkColor&quot;:&quot;#e0d0f0&quot;,&quot;metaIconColor&quot;:&quot;#ccc0f0&quot;,&quot;isExcerptFromContent&quot;:true,&quot;excerptLength&quot;:19,&quot;excerptTypo&quot;:{&quot;fontSize&quot;:{&quot;desktop&quot;:14,&quot;tablet&quot;:15,&quot;mobile&quot;:15},&quot;fontFamily&quot;:&quot;Rajdhani&quot;,&quot;fontCategory&quot;:&quot;sans-serif&quot;,&quot;fontWeight&quot;:400,&quot;fontVariant&quot;:400,&quot;textTransform&quot;:&quot;uppercase&quot;},&quot;excerptColor&quot;:&quot;#fff&quot;,&quot;isReadMore&quot;:false,&quot;align&quot;:&quot;wide&quot;,&quot;isPremium&quot;:true,&quot;rowGap&quot;:15,&quot;isContentEqualHight&quot;:true,&quot;content&quot;:{&quot;height&quot;:&quot;auto&quot;},&quot;postType&quot;:&quot;post&quot;,&quot;selectedTaxonomies&quot;:[],&quot;selectedTags&quot;:[],&quot;isPostsPerPageAll&quot;:false,&quot;postsPerPage&quot;:12,&quot;postsOrderBy&quot;:&quot;date&quot;,&quot;postsOrder&quot;:&quot;desc&quot;,&quot;postsOffset&quot;:0,&quot;isExcludeCurrent&quot;:false,&quot;isPagination&quot;:false,&quot;paginationCurrentPage&quot;:1,&quot;paginationPrevLabel&quot;:&quot;Prev&quot;,&quot;paginationNextLabel&quot;:&quot;Next&quot;,&quot;paginationColors&quot;:{&quot;color&quot;:&quot;#fff&quot;,&quot;bg&quot;:&quot;#4527a4&quot;},&quot;paginationHovColors&quot;:{&quot;color&quot;:&quot;#fff&quot;,&quot;bg&quot;:&quot;#8344c5&quot;},&quot;paginationPadding&quot;:{&quot;vertical&quot;:&quot;8px&quot;,&quot;horizontal&quot;:&quot;15px&quot;},&quot;paginationSpacing&quot;:&quot;15px&quot;,&quot;border&quot;:{&quot;radius&quot;:&quot;5px&quot;},&quot;sliderIsLoop&quot;:true,&quot;sliderIsTouchMove&quot;:false,&quot;sliderIsAutoplay&quot;:true,&quot;sliderEffect&quot;:&quot;slide&quot;,&quot;sliderIsPage&quot;:true,&quot;sliderIsPageClickable&quot;:true,&quot;sliderIsPageDynamic&quot;:true,&quot;sliderPageWidth&quot;:&quot;15px&quot;,&quot;sliderPageHeight&quot;:&quot;15px&quot;,&quot;sliderPageBorder&quot;:{&quot;radius&quot;:&quot;50%&quot;},&quot;sliderIsPrevNext&quot;:true,&quot;tickerDirection&quot;:&quot;up&quot;,&quot;tickerSpeed&quot;:&quot;slow&quot;,&quot;tickerInterval&quot;:2000,&quot;tickerHeight&quot;:&quot;0px&quot;,&quot;tickerVisible&quot;:3,&quot;tickerIsMousePause&quot;:true,&quot;isFImg&quot;:true,&quot;fImgSize&quot;:&quot;full&quot;,&quot;isFImgLink&quot;:false,&quot;isTitle&quot;:true,&quot;isTitleLink&quot;:true,&quot;titleMargin&quot;:{&quot;side&quot;:4,&quot;bottom&quot;:&quot;15px&quot;},&quot;isMetaAuthor&quot;:true,&quot;isMetaAuthorLink&quot;:true,&quot;metaAuthorIcon&quot;:&quot;&quot;,&quot;isMetaDate&quot;:true,&quot;metaDateFormat&quot;:&quot;M j, Y&quot;,&quot;metaDateIcon&quot;:&quot;&quot;,&quot;isMetaCategory&quot;:true,&quot;metaCategoryIn&quot;:&quot;content&quot;,&quot;metaCategoryIcon&quot;:&quot;&quot;,&quot;isMetaReadTime&quot;:false,&quot;metaReadTimeIcon&quot;:&quot;&quot;,&quot;isMetaReadTimeSec&quot;:false,&quot;metaReadTimeLabel&quot;:&quot;Min read&quot;,&quot;isMetaComment&quot;:false,&quot;metaCommentIcon&quot;:&quot;&quot;,&quot;metaTypo&quot;:{&quot;fontSize&quot;:{&quot;desktop&quot;:13,&quot;tablet&quot;:13,&quot;mobile&quot;:13},&quot;textTransform&quot;:&quot;uppercase&quot;},&quot;metaColorsOnImage&quot;:{&quot;color&quot;:&quot;#fff&quot;,&quot;bg&quot;:&quot;#8344c5&quot;},&quot;metaMargin&quot;:{&quot;side&quot;:4,&quot;bottom&quot;:&quot;15px&quot;},&quot;isExcerpt&quot;:true,&quot;isEllipsisOnExcerpt&quot;:false,&quot;excerptAlign&quot;:&quot;justify&quot;,&quot;excerptMargin&quot;:{&quot;side&quot;:4,&quot;bottom&quot;:&quot;10px&quot;},&quot;readMorePosition&quot;:&quot;auto&quot;,&quot;readMoreLabel&quot;:&quot;Read More&quot;,&quot;isLinkNewTab&quot;:false,&quot;readMoreAlign&quot;:&quot;left&quot;,&quot;readMoreTypo&quot;:{&quot;fontSize&quot;:{&quot;desktop&quot;:14,&quot;tablet&quot;:14,&quot;mobile&quot;:14},&quot;textTransform&quot;:&quot;uppercase&quot;,&quot;fontWeight&quot;:600},&quot;readMoreColors&quot;:{&quot;color&quot;:&quot;#fff&quot;,&quot;bg&quot;:&quot;#8344c5&quot;},&quot;readMoreHovColors&quot;:{&quot;color&quot;:&quot;#fff&quot;,&quot;bg&quot;:&quot;#4527a4&quot;},&quot;readMorePadding&quot;:{&quot;vertical&quot;:&quot;12px&quot;,&quot;horizontal&quot;:&quot;35px&quot;},&quot;readMoreBorder&quot;:{&quot;radius&quot;:&quot;3px&quot;}}'\r\n\t\t\tdata-extra='{&quot;totalPosts&quot;:4}'\r\n\t\t>\r\n\t\t\t<style>\r\n\t\t\t\t@import url( https:\/\/fonts.googleapis.com\/css2?family=Rajdhani: wght@700 &amp;display=swap );@import url( https:\/\/fonts.googleapis.com\/css2?family=Rajdhani&amp;display=swap );#apbAdvancedPosts-d0177200-0 .apbPost .apbTitle, #apbAdvancedPosts-d0177200-0 .apbPost .apbTitle a{ font-family: 'Rajdhani', sans-serif;font-weight: 700;font-size: 40px;font-style: normal;text-transform: uppercase;text-decoration: auto;line-height: 135%;letter-spacing: 0px; } @media (max-width: 768px) { #apbAdvancedPosts-d0177200-0 .apbPost .apbTitle, #apbAdvancedPosts-d0177200-0 .apbPost .apbTitle a{ font-size: 22px; } } @media (max-width: 576px) { #apbAdvancedPosts-d0177200-0 .apbPost .apbTitle, #apbAdvancedPosts-d0177200-0 .apbPost .apbTitle a{ font-size: 20px; } }#apbAdvancedPosts-d0177200-0 .apbPost .apbMeta, #apbAdvancedPosts-d0177200-0 .apbPost .apbMeta *, #apbAdvancedPosts-d0177200-0 .apbPost .apbThumbCats{ font-weight: 400;font-size: 13px;font-style: normal;text-transform: uppercase;text-decoration: auto;line-height: 135%;letter-spacing: 0px; } @media (max-width: 768px) { #apbAdvancedPosts-d0177200-0 .apbPost .apbMeta, #apbAdvancedPosts-d0177200-0 .apbPost .apbMeta *, #apbAdvancedPosts-d0177200-0 .apbPost .apbThumbCats{ font-size: 13px; } } @media (max-width: 576px) { #apbAdvancedPosts-d0177200-0 .apbPost .apbMeta, #apbAdvancedPosts-d0177200-0 .apbPost .apbMeta *, #apbAdvancedPosts-d0177200-0 .apbPost .apbThumbCats{ font-size: 13px; } }#apbAdvancedPosts-d0177200-0 .apbPost .apbExcerpt{ font-family: 'Rajdhani', sans-serif;font-weight: 400;font-size: 14px;font-style: normal;text-transform: uppercase;text-decoration: auto;line-height: 135%;letter-spacing: 0px; } @media (max-width: 768px) { #apbAdvancedPosts-d0177200-0 .apbPost .apbExcerpt{ font-size: 15px; } } @media (max-width: 576px) { #apbAdvancedPosts-d0177200-0 .apbPost .apbExcerpt{ font-size: 15px; } }#apbAdvancedPosts-d0177200-0 .apbPost .apbReadMore a{ font-weight: 600;font-size: 14px;font-style: normal;text-transform: uppercase;text-decoration: auto;line-height: 135%;letter-spacing: 0px; } @media (max-width: 768px) { #apbAdvancedPosts-d0177200-0 .apbPost .apbReadMore a{ font-size: 14px; } } @media (max-width: 576px) { #apbAdvancedPosts-d0177200-0 .apbPost .apbReadMore a{ font-size: 14px; } }#apbAdvancedPosts-d0177200-0 .apbPagination .apbPagePrev, #apbAdvancedPosts-d0177200-0 .apbPagination .apbPageNumber, #apbAdvancedPosts-d0177200-0 .apbPagination .apbPageNext {  font-size: 15px;color: #fff;background: #4527a4; padding: 8px 15px; margin: 0 calc( 15px \/ 2 ); }#apbAdvancedPosts-d0177200-0 .apbPagination .apbPagePrev:hover, #apbAdvancedPosts-d0177200-0 .apbPagination .apbPageNumber:hover, #apbAdvancedPosts-d0177200-0 .apbPagination .apbPageNext:hover, #apbAdvancedPosts-d0177200-0 .apbPagination .apbActivePage { color: #fff;background: #8344c5; }#apbAdvancedPosts-d0177200-0 .apbPost {  margin-bottom: 0px;border-radius: 5px; }#apbAdvancedPosts-d0177200-0 .apbDefault, #apbAdvancedPosts-d0177200-0 .apbSideImage {  text-align: center;background: #000000b3; }#apbAdvancedPosts-d0177200-0 .apbPost .apbText {  padding: 20px 20px; }#apbAdvancedPosts-d0177200-0 .apbOverlay .apbText { background: #000000b3; align-items: center; }#apbAdvancedPosts-d0177200-0 .apbPost .apbTitle, #apbAdvancedPosts-d0177200-0 .apbPost .apbTitle a {  text-align: center; color: #4ABDB4; }#apbAdvancedPosts-d0177200-0 .apbPost .apbTitle {  margin: 0px 0px 15px 0px; }#apbAdvancedPosts-d0177200-0 .apbPost .apbMeta {  justify-content: center; color: #fff; margin: 0px 0px 15px 0px; }#apbAdvancedPosts-d0177200-0 .apbPost .apbMeta a {  color: #e0d0f0; }#apbAdvancedPosts-d0177200-0 .apbPost .apbMeta .dashicons {  color: #ccc0f0; }#apbAdvancedPosts-d0177200-0 .apbPost .apbThumb img, #apbAdvancedPosts-d0177200-0 .apbPost.apbOverlay img {  object-fit: contain; }#apbAdvancedPosts-d0177200-0 .apbPost .apbThumbCats a { color: #fff;background: #8344c5; }#apbAdvancedPosts-d0177200-0 .apbPost .apbExcerpt {  text-align: justify; color: #fff; margin: 0px 0px 10px 0px; }#apbAdvancedPosts-d0177200-0 .apbPost .apbReadMore {  text-align: left; }#apbAdvancedPosts-d0177200-0 .apbPost .apbReadMore a { color: #fff;background: #8344c5; padding: 12px 35px;border-radius: 3px; }#apbAdvancedPosts-d0177200-0 .apbPost .apbReadMore a:hover { color: #fff;background: #4527a4; }#apbAdvancedPosts-d0177200-0 .apbGridPosts, #apbAdvancedPosts-d0177200-0 .apbGrid1Posts {  grid-gap: 15px 10px; align-items: initial; }#apbAdvancedPosts-d0177200-0 .apbMasonryPosts {  gap: 10px; }#apbAdvancedPosts-d0177200-0 .apbSliderPosts, #apbAdvancedPosts-d0177200-0 .apbSliderPosts .swiper-slide {  min-height: 400px; }#apbAdvancedPosts-d0177200-0 .apbSliderPosts .swiper-pagination .swiper-pagination-bullet {  background: #FCFCFC; width: 15px; height: 15px;border-radius: 50%; }#apbAdvancedPosts-d0177200-0 .apbSliderPosts .swiper-button-prev, #apbAdvancedPosts-d0177200-0 .apbSliderPosts .swiper-button-next {  color: #FCFCFC; }@media (max-width: 576px) {#apbAdvancedPosts-d0177200-0 .apbPagination .apbPagePrev, #apbAdvancedPosts-d0177200-0 .apbPagination .apbPageNumber, #apbAdvancedPosts-d0177200-0 .apbPagination .apbPageNext {  font-size: 12px; padding: calc( 8px \/ 2 ) calc( 15px \/ 2 ); margin: 0 calc( 15px \/ 4 ); }}\t\t\t<\/style>\r\n\r\n\t\t\t<div class='apbPostsMainPH'>\r\n\t\t\t\t\t\t\t\t<div class='apbSliderPosts'>\r\n\t\t\t\t\t<div class='swiper-wrapper'>\r\n\t\t\t\t\t\t\t\t<article class='apbPost apbPost-460 autoContentHeight hasThumbnail swiper-slide apbOverlay apbOverlayHover'>\r\n\t\t\t<img src='https:\/\/sensopia.com.co\/wp-content\/uploads\/2025\/04\/9a2.png' alt='Paramoverso' \/>\r\n\t\t\t<div class='apbText'>\r\n\t\t\t\t\t\t\t<h3 class='apbTitle'>\r\n\t\t\t\t<a href='https:\/\/sensopia.com.co\/index.php\/2025\/04\/02\/apoya-paramoverso-en-artizen-fund\/' target='_self' rel='noreferrer' aria-label='Ay\u00fadanos a sembrar frailejones con Artizen'>Ay\u00fadanos a sembrar frailejones con Artizen<\/a>\t\t\t<\/h3>\r\n\t\t\t\r\n\t\t\t\t\t\t\t<div class='apbExcerpt apbInnerContent'>\r\n\t\t\t\t\n\n\n\u00bfTe imaginas explorar los m\u00e1gicos p\u00e1ramos colombianos sin dejar huella y contribuir a su conservaci\u00f3n real?\n\n\n\n\n\n\n\n\n\nEn primer lugar, te\r\n\t\t\t\t<p class='read-more'>\r\n\t\t\t\t\t<a href='https:\/\/sensopia.com.co\/index.php\/2025\/04\/02\/apoya-paramoverso-en-artizen-fund\/' aria-label='Read More'>Read More &raquo;<\/a>\r\n\t\t\t\t<\/p>\r\n\t\t\t<\/div>\r\n\t\t\t\t\t\t<\/div>\r\n\t\t<\/article>\r\n\t\t\t\t<article class='apbPost apbPost-433 autoContentHeight hasThumbnail swiper-slide apbOverlay apbOverlayHover'>\r\n\t\t\t<img src='https:\/\/sensopia.com.co\/wp-content\/uploads\/2024\/11\/Logo-Narrativas-Arte-Tecnologia-y-Pedagogia-Work-in-progress-scaled.jpeg' alt='PARAMOVERSO en CreaLab' \/>\r\n\t\t\t<div class='apbText'>\r\n\t\t\t\t\t\t\t<h3 class='apbTitle'>\r\n\t\t\t\t<a href='https:\/\/sensopia.com.co\/index.php\/2024\/11\/16\/exhibicion-de-paramoverso-en-narrativas-de-crealab\/' target='_self' rel='noreferrer' aria-label='Exhibici\u00f3n de PARAMOVERSO en Narrativas de CreaLab'>Exhibici\u00f3n de PARAMOVERSO en Narrativas de CreaLab<\/a>\t\t\t<\/h3>\r\n\t\t\t\r\n\t\t\t\t\t\t\t<div class='apbExcerpt apbInnerContent'>\r\n\t\t\t\t\n\n\n\n\nTe invitamos a la exposici\u00f3n de realidad aumentada y virtual organizada por el CreaLab, en donde estudiantes, egresados, investigadores,\r\n\t\t\t\t<p class='read-more'>\r\n\t\t\t\t\t<a href='https:\/\/sensopia.com.co\/index.php\/2024\/11\/16\/exhibicion-de-paramoverso-en-narrativas-de-crealab\/' aria-label='Read More'>Read More &raquo;<\/a>\r\n\t\t\t\t<\/p>\r\n\t\t\t<\/div>\r\n\t\t\t\t\t\t<\/div>\r\n\t\t<\/article>\r\n\t\t\t\t<article class='apbPost apbPost-144 autoContentHeight hasThumbnail swiper-slide apbOverlay apbOverlayHover'>\r\n\t\t\t<img src='https:\/\/sensopia.com.co\/wp-content\/uploads\/2023\/07\/Post-AR.png' alt='' \/>\r\n\t\t\t<div class='apbText'>\r\n\t\t\t\t\t\t\t<h3 class='apbTitle'>\r\n\t\t\t\t<a href='https:\/\/sensopia.com.co\/index.php\/2023\/07\/19\/que-es-realidad-aumentada\/' target='_self' rel='noreferrer' aria-label='\u00bfQu\u00e9 es realidad\u00a0aumentada?'>\u00bfQu\u00e9 es realidad\u00a0aumentada?<\/a>\t\t\t<\/h3>\r\n\t\t\t\r\n\t\t\t\t\t\t\t<div class='apbExcerpt apbInnerContent'>\r\n\t\t\t\t\nLa realidad aumentada (RA) es una tecnolog\u00eda que permite superponer elementos virtuales sobre el mundo que rodea al usuario.\r\n\t\t\t\t<p class='read-more'>\r\n\t\t\t\t\t<a href='https:\/\/sensopia.com.co\/index.php\/2023\/07\/19\/que-es-realidad-aumentada\/' aria-label='Read More'>Read More &raquo;<\/a>\r\n\t\t\t\t<\/p>\r\n\t\t\t<\/div>\r\n\t\t\t\t\t\t<\/div>\r\n\t\t<\/article>\r\n\t\t\t\t<article class='apbPost apbPost-1 autoContentHeight hasThumbnail swiper-slide apbOverlay apbOverlayHover'>\r\n\t\t\t<img src='https:\/\/sensopia.com.co\/wp-content\/uploads\/2023\/03\/NFT.png' alt='' \/>\r\n\t\t\t<div class='apbText'>\r\n\t\t\t\t\t\t\t<h3 class='apbTitle'>\r\n\t\t\t\t<a href='https:\/\/sensopia.com.co\/index.php\/2023\/03\/08\/nft-propiedad-digital\/' target='_self' rel='noreferrer' aria-label='NFT: la revoluci\u00f3n del arte y la propiedad digital'>NFT: la revoluci\u00f3n del arte y la propiedad digital<\/a>\t\t\t<\/h3>\r\n\t\t\t\r\n\t\t\t\t\t\t\t<div class='apbExcerpt apbInnerContent'>\r\n\t\t\t\t\nNFT: la revoluci\u00f3n del arte y la propiedad\u00a0digital\n\n\n\nPor muchos a\u00f1os, comprobar la autenticidad de una pieza de arte (o\r\n\t\t\t\t<p class='read-more'>\r\n\t\t\t\t\t<a href='https:\/\/sensopia.com.co\/index.php\/2023\/03\/08\/nft-propiedad-digital\/' aria-label='Read More'>Read More &raquo;<\/a>\r\n\t\t\t\t<\/p>\r\n\t\t\t<\/div>\r\n\t\t\t\t\t\t<\/div>\r\n\t\t<\/article>\r\n\t\t\t\t\t\t\t<\/div>\r\n\r\n\t\t\t\t\t<div class='swiper-pagination'><\/div>\t\t\t\t\t<div class='swiper-button-prev'><\/div><div class='swiper-button-next'><\/div>\t\t\t\t<\/div>\r\n\t\t\t\t\t\t<\/div>\r\n\r\n\t\t\t<div class='apbPostsMain'><\/div>\r\n\t\t<\/div>","protected":false},"excerpt":{"rendered":"","protected":false},"author":1,"featured_media":0,"parent":0,"menu_order":0,"comment_status":"closed","ping_status":"closed","template":"","meta":{"om_disable_all_campaigns":false,"_monsterinsights_skip_tracking":false,"_monsterinsights_sitenote_active":false,"_monsterinsights_sitenote_note":"","_monsterinsights_sitenote_category":0,"footnotes":""},"class_list":["post-361","page","type-page","status-publish","hentry"],"aioseo_notices":[],"_links":{"self":[{"href":"https:\/\/sensopia.com.co\/index.php\/wp-json\/wp\/v2\/pages\/361","targetHints":{"allow":["GET"]}}],"collection":[{"href":"https:\/\/sensopia.com.co\/index.php\/wp-json\/wp\/v2\/pages"}],"about":[{"href":"https:\/\/sensopia.com.co\/index.php\/wp-json\/wp\/v2\/types\/page"}],"author":[{"embeddable":true,"href":"https:\/\/sensopia.com.co\/index.php\/wp-json\/wp\/v2\/users\/1"}],"replies":[{"embeddable":true,"href":"https:\/\/sensopia.com.co\/index.php\/wp-json\/wp\/v2\/comments?post=361"}],"version-history":[{"count":5,"href":"https:\/\/sensopia.com.co\/index.php\/wp-json\/wp\/v2\/pages\/361\/revisions"}],"predecessor-version":[{"id":373,"href":"https:\/\/sensopia.com.co\/index.php\/wp-json\/wp\/v2\/pages\/361\/revisions\/373"}],"wp:attachment":[{"href":"https:\/\/sensopia.com.co\/index.php\/wp-json\/wp\/v2\/media?parent=361"}],"curies":[{"name":"wp","href":"https:\/\/api.w.org\/{rel}","templated":true}]}}