{"id":125,"date":"2023-07-19T16:41:43","date_gmt":"2023-07-19T16:41:43","guid":{"rendered":"https:\/\/sensopia.com.co\/?page_id=125"},"modified":"2023-07-19T21:14:11","modified_gmt":"2023-07-19T21:14:11","slug":"quienes-somos","status":"publish","type":"page","link":"https:\/\/sensopia.com.co\/index.php\/quienes-somos\/","title":{"rendered":"Qui\u00e9nes somos"},"content":{"rendered":"<div class=\"wp-block-columns is-layout-flex wp-container-core-columns-is-layout-6 wp-block-columns-is-layout-flex\"><div class=\"wp-block-column is-layout-flow wp-block-column-is-layout-flow\"><div class=\"wp-block-group is-layout-flow wp-block-group-is-layout-flow\"><div class=\"wp-block-columns is-layout-flex wp-container-core-columns-is-layout-1 wp-block-columns-is-layout-flex\"><div class=\"wp-block-column is-layout-flow wp-block-column-is-layout-flow\"><h2 class=\"wp-block-heading has-text-align-left zeever-animate zeever-move-right zeever-delay-3 has-zeever-secondary-color has-text-color has-tiny-font-size\" style=\"font-style:normal;font-weight:500;text-transform:uppercase\">conectamos a las personas con la naturaleza y la tecnolog\u00eda<\/h2>\n\n<h2 class=\"wp-block-heading zeever-animate zeever-move-up zeever-delay-1 has-zeever-primary-color has-text-color\" style=\"font-size:21px\">Somos un laboratorio vivo de experimentaci\u00f3n con tecnolog\u00edas para crear experiencias inmersivas y ense\u00f1ar a las personas a apropiar las TECNOLOG\u00cdAS de vanguardia en su d\u00eda a d\u00eda.<\/h2><\/div><\/div><\/div>\n\n<div class=\"wp-block-group is-layout-flow wp-block-group-is-layout-flow\" style=\"padding-top:40px\"><div class=\"wp-block-columns is-layout-flex wp-container-core-columns-is-layout-2 wp-block-columns-is-layout-flex\"><div class=\"wp-block-column is-layout-flow wp-block-column-is-layout-flow\" style=\"padding-right:60px\"><h2 class=\"wp-block-heading zeever-animate zeever-move-up zeever-delay-1 has-zeever-primary-color has-text-color\" style=\"font-size:21px\">Visi\u00f3n<\/h2>\n\n<p class=\"has-text-align-left zeever-animate zeever-move-up zeever-delay-3 has-zeever-bodytext-color has-text-color\">Entendemos la tecnolog\u00eda como la manifestaci\u00f3n de todo el poder creativo e innovador de la humanidad, as\u00ed mismo queremos dotarla de sentido \u00fatil para la sociedad.<\/p><\/div>\n\n<div class=\"wp-block-column is-layout-flow wp-block-column-is-layout-flow\" style=\"padding-right:60px\"><h2 class=\"wp-block-heading zeever-animate zeever-move-up zeever-delay-1 has-zeever-primary-color has-text-color\" style=\"font-size:21px\">Misi\u00f3n<\/h2>\n\n<p class=\"has-text-align-left zeever-animate zeever-move-up zeever-delay-3 has-zeever-bodytext-color has-text-color\">Queremos lograr que las personas aprendan a usar la tecnolog\u00eda para hacer m\u00e1s f\u00e1cil su vida y la de las personas cercanas, comprendiendo sus usos, aplicaciones y los retos que nos presenta.<\/p><\/div><\/div>\n\n<hr class=\"wp-block-separator has-alpha-channel-opacity is-style-wide\"\/>\n\n<div class=\"wp-block-columns is-layout-flex wp-container-core-columns-is-layout-5 wp-block-columns-is-layout-flex\"><div class=\"wp-block-column is-vertically-aligned-bottom is-layout-flow wp-block-column-is-layout-flow\"><div class=\"wp-block-cover\" style=\"padding-left:20px;min-height:389px;aspect-ratio:unset;\"><span aria-hidden=\"true\" class=\"wp-block-cover__background has-background-dim-30 has-background-dim\" style=\"background-color:#050505\"><\/span><img decoding=\"async\" class=\"wp-block-cover__image-background wp-image-112\" alt=\"\" src=\"https:\/\/sensopia.com.co\/wp-content\/themes\/zeever\/assets\/img\/employee-meeting-work-job-working-argentina-1599048-pxhere.com.webp\" data-object-fit=\"cover\"\/><div class=\"wp-block-cover__inner-container is-layout-flow wp-block-cover-is-layout-flow\"><h2 class=\"wp-block-heading has-text-align-left zeever-animate zeever-move-up zeever-delay-1 has-zeever-primary-color has-text-color has-large-font-size\" style=\"font-style:normal;font-weight:600\">Trabajo en equipo<\/h2>\n\n<p class=\"has-zeever-primary-color has-text-color has-tiny-font-size\">Valores<\/p><\/div><\/div><\/div>\n\n<div class=\"wp-block-column is-layout-flow wp-block-column-is-layout-flow\"><div class=\"wp-block-group is-layout-flow wp-block-group-is-layout-flow\"><div class=\"wp-block-columns is-layout-flex wp-container-core-columns-is-layout-3 wp-block-columns-is-layout-flex\"><div class=\"wp-block-column is-layout-flow wp-block-column-is-layout-flow\"><div class=\"wp-block-cover\" style=\"min-height:159px;aspect-ratio:unset;\"><span aria-hidden=\"true\" class=\"wp-block-cover__background has-background-dim-30 has-background-dim\"><\/span><img loading=\"lazy\" decoding=\"async\" width=\"1440\" height=\"1440\" class=\"wp-block-cover__image-background wp-image-31\" alt=\"\" src=\"https:\/\/sensopia.com.co\/wp-content\/uploads\/2023\/03\/Portafolio-0-12.jpg\" data-object-fit=\"cover\" srcset=\"https:\/\/sensopia.com.co\/wp-content\/uploads\/2023\/03\/Portafolio-0-12.jpg 1440w, https:\/\/sensopia.com.co\/wp-content\/uploads\/2023\/03\/Portafolio-0-12-300x300.jpg 300w, https:\/\/sensopia.com.co\/wp-content\/uploads\/2023\/03\/Portafolio-0-12-1024x1024.jpg 1024w, https:\/\/sensopia.com.co\/wp-content\/uploads\/2023\/03\/Portafolio-0-12-150x150.jpg 150w, https:\/\/sensopia.com.co\/wp-content\/uploads\/2023\/03\/Portafolio-0-12-768x768.jpg 768w, https:\/\/sensopia.com.co\/wp-content\/uploads\/2023\/03\/Portafolio-0-12-600x600.jpg 600w, https:\/\/sensopia.com.co\/wp-content\/uploads\/2023\/03\/Portafolio-0-12-100x100.jpg 100w\" sizes=\"auto, (max-width: 1440px) 100vw, 1440px\" \/><div class=\"wp-block-cover__inner-container is-layout-flow wp-block-cover-is-layout-flow\"><h2 class=\"wp-block-heading has-text-align-left zeever-animate zeever-move-up zeever-delay-1 has-zeever-primary-color has-text-color has-large-font-size\" style=\"font-style:normal;font-weight:600\">Creatividad<\/h2>\n\n<p class=\"has-zeever-primary-color has-text-color has-tiny-font-size\">Valores<\/p><\/div><\/div><\/div><\/div><\/div>\n\n<div class=\"wp-block-group is-layout-flow wp-block-group-is-layout-flow\" style=\"padding-top:20px\"><div class=\"wp-block-columns is-layout-flex wp-container-core-columns-is-layout-4 wp-block-columns-is-layout-flex\"><div class=\"wp-block-column is-layout-flow wp-block-column-is-layout-flow\"><div class=\"wp-block-cover\" style=\"min-height:182px;aspect-ratio:unset;\"><span aria-hidden=\"true\" class=\"wp-block-cover__background has-background-dim-30 has-background-dim\"><\/span><img loading=\"lazy\" decoding=\"async\" width=\"2560\" height=\"1707\" class=\"wp-block-cover__image-background wp-image-32\" alt=\"\" src=\"https:\/\/sensopia.com.co\/wp-content\/uploads\/2023\/03\/Portafolio-0-11-scaled.jpg\" data-object-fit=\"cover\" srcset=\"https:\/\/sensopia.com.co\/wp-content\/uploads\/2023\/03\/Portafolio-0-11-scaled.jpg 2560w, https:\/\/sensopia.com.co\/wp-content\/uploads\/2023\/03\/Portafolio-0-11-300x200.jpg 300w, https:\/\/sensopia.com.co\/wp-content\/uploads\/2023\/03\/Portafolio-0-11-1024x683.jpg 1024w, https:\/\/sensopia.com.co\/wp-content\/uploads\/2023\/03\/Portafolio-0-11-768x512.jpg 768w, https:\/\/sensopia.com.co\/wp-content\/uploads\/2023\/03\/Portafolio-0-11-1536x1024.jpg 1536w, https:\/\/sensopia.com.co\/wp-content\/uploads\/2023\/03\/Portafolio-0-11-2048x1365.jpg 2048w, https:\/\/sensopia.com.co\/wp-content\/uploads\/2023\/03\/Portafolio-0-11-600x400.jpg 600w\" sizes=\"auto, (max-width: 2560px) 100vw, 2560px\" \/><div class=\"wp-block-cover__inner-container is-layout-flow wp-block-cover-is-layout-flow\"><h2 class=\"wp-block-heading has-text-align-left zeever-animate zeever-move-up zeever-delay-1 has-zeever-primary-color has-text-color has-large-font-size\" style=\"font-style:normal;font-weight:600\">Responsabilidad<\/h2>\n\n<p class=\"has-zeever-primary-color has-text-color has-tiny-font-size\">Valores<\/p><\/div><\/div><\/div><\/div><\/div><\/div><\/div><\/div>\n\n<div class=\"wp-block-group is-layout-flow wp-block-group-is-layout-flow\" style=\"padding-top:80px\"><\/div><\/div><\/div>","protected":false},"excerpt":{"rendered":"<p>conectamos a las personas con la naturaleza y la tecnolog\u00eda Somos un laboratorio vivo de experimentaci\u00f3n con tecnolog\u00edas para crear experiencias inmersivas y ense\u00f1ar a las personas a apropiar las TECNOLOG\u00cdAS de vanguardia en su d\u00eda a d\u00eda. Visi\u00f3n Entendemos la tecnolog\u00eda como la manifestaci\u00f3n de todo el poder creativo e innovador de la humanidad, as\u00ed mismo queremos dotarla de sentido \u00fatil para la sociedad. Misi\u00f3n Queremos lograr que las personas aprendan a usar la tecnolog\u00eda para hacer m\u00e1s f\u00e1cil su vida y la de las personas cercanas, comprendiendo sus usos, aplicaciones y los retos que nos presenta.<\/p>\n","protected":false},"author":1,"featured_media":296,"parent":0,"menu_order":0,"comment_status":"closed","ping_status":"closed","template":"","meta":{"om_disable_all_campaigns":false,"_monsterinsights_skip_tracking":false,"_monsterinsights_sitenote_active":false,"_monsterinsights_sitenote_note":"","_monsterinsights_sitenote_category":0,"footnotes":""},"class_list":["post-125","page","type-page","status-publish","has-post-thumbnail","hentry"],"aioseo_notices":[],"_links":{"self":[{"href":"https:\/\/sensopia.com.co\/index.php\/wp-json\/wp\/v2\/pages\/125","targetHints":{"allow":["GET"]}}],"collection":[{"href":"https:\/\/sensopia.com.co\/index.php\/wp-json\/wp\/v2\/pages"}],"about":[{"href":"https:\/\/sensopia.com.co\/index.php\/wp-json\/wp\/v2\/types\/page"}],"author":[{"embeddable":true,"href":"https:\/\/sensopia.com.co\/index.php\/wp-json\/wp\/v2\/users\/1"}],"replies":[{"embeddable":true,"href":"https:\/\/sensopia.com.co\/index.php\/wp-json\/wp\/v2\/comments?post=125"}],"version-history":[{"count":5,"href":"https:\/\/sensopia.com.co\/index.php\/wp-json\/wp\/v2\/pages\/125\/revisions"}],"predecessor-version":[{"id":385,"href":"https:\/\/sensopia.com.co\/index.php\/wp-json\/wp\/v2\/pages\/125\/revisions\/385"}],"wp:featuredmedia":[{"embeddable":true,"href":"https:\/\/sensopia.com.co\/index.php\/wp-json\/wp\/v2\/media\/296"}],"wp:attachment":[{"href":"https:\/\/sensopia.com.co\/index.php\/wp-json\/wp\/v2\/media?parent=125"}],"curies":[{"name":"wp","href":"https:\/\/api.w.org\/{rel}","templated":true}]}}